{"id":15,"date":"2019-01-07T10:29:11","date_gmt":"2019-01-07T10:29:11","guid":{"rendered":"https:\/\/carhiremalagaairport.es\/?page_id=15"},"modified":"2022-10-18T10:09:33","modified_gmt":"2022-10-18T10:09:33","slug":"servicios","status":"publish","type":"page","link":"https:\/\/carhiremalagaairport.es\/es\/servicios\/","title":{"rendered":"Servicios"},"content":{"rendered":"\t\t<div data-elementor-type=\"wp-post\" data-elementor-id=\"15\" class=\"elementor elementor-15\" data-elementor-post-type=\"page\">\n\t\t\t\t\t\t<section class=\"elementor-section elementor-top-section elementor-element elementor-element-2a3a3ac elementor-section-boxed elementor-section-height-default elementor-section-height-default\" data-id=\"2a3a3ac\" data-element_type=\"section\" data-e-type=\"section\">\n\t\t\t\t\t\t<div class=\"elementor-container elementor-column-gap-default\">\n\t\t\t\t\t<div class=\"elementor-column elementor-col-100 elementor-top-column elementor-element elementor-element-de74f30\" data-id=\"de74f30\" data-element_type=\"column\" data-e-type=\"column\">\n\t\t\t<div class=\"elementor-widget-wrap elementor-element-populated\">\n\t\t\t\t\t\t<div class=\"elementor-element elementor-element-0ad5da1 elementor-widget elementor-widget-spacer\" data-id=\"0ad5da1\" data-element_type=\"widget\" data-e-type=\"widget\" data-settings=\"{&quot;ekit_we_effect_on&quot;:&quot;none&quot;}\" data-widget_type=\"spacer.default\">\n\t\t\t\t\t\t\t<div class=\"elementor-spacer\">\n\t\t\t<div class=\"elementor-spacer-inner\"><\/div>\n\t\t<\/div>\n\t\t\t\t\t\t<\/div>\n\t\t\t\t<div class=\"elementor-element elementor-element-9185555 at-heading-animation at-animation-heading-none elementor-widget elementor-widget-heading\" data-id=\"9185555\" data-element_type=\"widget\" data-e-type=\"widget\" data-settings=\"{&quot;ekit_we_effect_on&quot;:&quot;none&quot;}\" data-widget_type=\"heading.default\">\n\t\t\t\t\t<h1 class=\"elementor-heading-title elementor-size-default\">Nuestros Servicios \u00b7 Fetajo Rent a Car \u00ae\n<\/h1>\t\t\t\t<\/div>\n\t\t\t\t<div class=\"elementor-element elementor-element-98f02c9 at-heading-animation at-animation-heading-none elementor-widget elementor-widget-heading\" data-id=\"98f02c9\" data-element_type=\"widget\" data-e-type=\"widget\" data-settings=\"{&quot;ekit_we_effect_on&quot;:&quot;none&quot;}\" data-widget_type=\"heading.default\">\n\t\t\t\t\t<h2 class=\"elementor-heading-title elementor-size-default\">\u00bfTe vienes a vivir las mejores experiencias Alquilando un Coche con Fetajo Rent a Car \u00ae?\n<\/h2>\t\t\t\t<\/div>\n\t\t\t\t<div class=\"elementor-element elementor-element-985b029 elementor-widget elementor-widget-spacer\" data-id=\"985b029\" data-element_type=\"widget\" data-e-type=\"widget\" data-settings=\"{&quot;ekit_we_effect_on&quot;:&quot;none&quot;}\" data-widget_type=\"spacer.default\">\n\t\t\t\t\t\t\t<div class=\"elementor-spacer\">\n\t\t\t<div class=\"elementor-spacer-inner\"><\/div>\n\t\t<\/div>\n\t\t\t\t\t\t<\/div>\n\t\t\t\t\t<\/div>\n\t\t<\/div>\n\t\t\t\t\t<\/div>\n\t\t<\/section>\n\t\t\t\t<section class=\"elementor-section elementor-top-section elementor-element elementor-element-03614cf elementor-section-content-middle elementor-section-boxed elementor-section-height-default elementor-section-height-default\" data-id=\"03614cf\" data-element_type=\"section\" data-e-type=\"section\" data-settings=\"{&quot;background_background&quot;:&quot;classic&quot;}\">\n\t\t\t\t\t\t<div class=\"elementor-container elementor-column-gap-no\">\n\t\t\t\t\t<div class=\"elementor-column elementor-col-33 elementor-top-column elementor-element elementor-element-fda761f\" data-id=\"fda761f\" data-element_type=\"column\" data-e-type=\"column\">\n\t\t\t<div class=\"elementor-widget-wrap elementor-element-populated\">\n\t\t\t\t\t\t<div class=\"elementor-element elementor-element-bb28b60 elementor-widget elementor-widget-text-editor\" data-id=\"bb28b60\" data-element_type=\"widget\" data-e-type=\"widget\" data-settings=\"{&quot;ekit_we_effect_on&quot;:&quot;none&quot;}\" data-widget_type=\"text-editor.default\">\n\t\t\t\t\t\t\t\t\t<p>Fetajo Rent a Car<\/p>\t\t\t\t\t\t\t\t<\/div>\n\t\t\t\t<div class=\"elementor-element elementor-element-a4930d9 at-heading-animation at-animation-heading-none elementor-widget elementor-widget-heading\" data-id=\"a4930d9\" data-element_type=\"widget\" data-e-type=\"widget\" data-settings=\"{&quot;ekit_we_effect_on&quot;:&quot;none&quot;}\" data-widget_type=\"heading.default\">\n\t\t\t\t\t<h2 class=\"elementor-heading-title elementor-size-default\">Alquiler de Veh\u00edculos<\/h2>\t\t\t\t<\/div>\n\t\t\t\t<div class=\"elementor-element elementor-element-ed19b22 at-image-animation at-animation-image-none at-none elementor-widget elementor-widget-image\" data-id=\"ed19b22\" data-element_type=\"widget\" data-e-type=\"widget\" data-settings=\"{&quot;ekit_we_effect_on&quot;:&quot;none&quot;}\" data-widget_type=\"image.default\">\n\t\t\t\t\t\t\t\t\t\t\t\t\t\t\t<img decoding=\"async\" src=\"https:\/\/carhiremalagaairport.es\/wp-content\/uploads\/elementor\/thumbs\/Servicios-web-v2-Fetajo-Rent-a-Car-1-rfzr01opgaimt0sawxjr0jauqyp1osjbfljhq8a9b4.jpg\" title=\"Servicios-web-v2-Fetajo-Rent-a-Car.jpg\" alt=\"Servicios Web V2 Fetajo Rent A Car 1\" class=\"elementor-animation-grow\" loading=\"lazy\" \/>\t\t\t\t\t\t\t\t\t\t\t\t\t\t\t<\/div>\n\t\t\t\t\t<\/div>\n\t\t<\/div>\n\t\t\t\t<div class=\"elementor-column elementor-col-33 elementor-top-column elementor-element elementor-element-c4dc4c8\" data-id=\"c4dc4c8\" data-element_type=\"column\" data-e-type=\"column\">\n\t\t\t<div class=\"elementor-widget-wrap elementor-element-populated\">\n\t\t\t\t\t\t<div class=\"elementor-element elementor-element-ab22f3f at-image-animation at-animation-image-none at-none elementor-widget elementor-widget-image\" data-id=\"ab22f3f\" data-element_type=\"widget\" data-e-type=\"widget\" data-settings=\"{&quot;ekit_we_effect_on&quot;:&quot;none&quot;}\" data-widget_type=\"image.default\">\n\t\t\t\t\t\t\t\t\t\t\t\t\t\t\t<img decoding=\"async\" src=\"https:\/\/carhiremalagaairport.es\/wp-content\/uploads\/elementor\/thumbs\/lateral-serie1-bmw-malaga-rfzr01opgaimt0sawxjr0jauqyp1osjbfljhq8a9b4.jpg\" title=\"lateral-serie1-bmw-malaga\" alt=\"Lateral Serie1 Bmw Malaga\" class=\"elementor-animation-grow\" loading=\"lazy\" \/>\t\t\t\t\t\t\t\t\t\t\t\t\t\t\t<\/div>\n\t\t\t\t<div class=\"elementor-element elementor-element-438385c elementor-widget elementor-widget-text-editor\" data-id=\"438385c\" data-element_type=\"widget\" data-e-type=\"widget\" data-settings=\"{&quot;ekit_we_effect_on&quot;:&quot;none&quot;}\" data-widget_type=\"text-editor.default\">\n\t\t\t\t\t\t\t\t\t<p style=\"caret-color: #3a3a3a; color: #3a3a3a; font-size: 17px; font-weight: bold;\">Nuestro primer objetivo en\u00a0<span style=\"color: #008000;\">Fetajo Rent a Car<\/span>, como empresa referente en el sector del\u00a0<span style=\"color: #008000;\">Rent a Car en M\u00e1laga<\/span>, es el trato personalizado al cliente, para ello disponemos de unas oficinas situadas en pleno coraz\u00f3n de la\u00a0<span style=\"color: #008000;\">Costa del Sol<\/span>\u00a0lo que nos da la posibilidad de ofrecer posiblemente uno de los mejores servicios personalizados de\u00a0<span style=\"color: #008000;\">Alquiler de Veh\u00edculos<\/span>.<\/p><p style=\"caret-color: #3a3a3a; color: #3a3a3a; font-size: 17px; font-weight: bold;\">Contamos con un personal que posee una amplia y dilatada experiencia en el sector y lo que es nuestra premisa\u00a0<strong><em>\u201c<\/em><\/strong><em>el trato siempre cordial y profesional al cliente\u201d.<\/em><\/p>\t\t\t\t\t\t\t\t<\/div>\n\t\t\t\t\t<\/div>\n\t\t<\/div>\n\t\t\t\t<div class=\"elementor-column elementor-col-33 elementor-top-column elementor-element elementor-element-9b099d1\" data-id=\"9b099d1\" data-element_type=\"column\" data-e-type=\"column\">\n\t\t\t<div class=\"elementor-widget-wrap elementor-element-populated\">\n\t\t\t\t\t\t<div class=\"elementor-element elementor-element-3ddb0fe elementor-widget elementor-widget-text-editor\" data-id=\"3ddb0fe\" data-element_type=\"widget\" data-e-type=\"widget\" data-settings=\"{&quot;ekit_we_effect_on&quot;:&quot;none&quot;}\" data-widget_type=\"text-editor.default\">\n\t\t\t\t\t\t\t\t\t<p style=\"caret-color: #3a3a3a; color: #3a3a3a; font-size: 17px; font-weight: bold;\">La <span style=\"color: #008000;\">flota de coches<\/span> que encontrar\u00e1s en <span style=\"color: #008000;\">Fetajo Rent a Car<\/span> es de primera calidad. Nuestros coches tienen una <span style=\"color: #008000;\">rotaci\u00f3n anual<\/span>, consiguiendo un servicio de <span style=\"color: #008000;\">alquiler de coches<\/span> de excelente calidad. Adem\u00e1s de contar con una cantidad de veh\u00edculos para su alquiler de m\u00e1s de <span style=\"color: #008000;\">300 unidades de veh\u00edculos<\/span>, como son econ\u00f3micos, descapotables, SUV, espec\u00edficos para golfistas, berlinas, compactos, estate y monovolumen.<\/p>\t\t\t\t\t\t\t\t<\/div>\n\t\t\t\t<div class=\"elementor-element elementor-element-ac4347c at-image-animation at-animation-image-none at-none elementor-widget elementor-widget-image\" data-id=\"ac4347c\" data-element_type=\"widget\" data-e-type=\"widget\" data-settings=\"{&quot;ekit_we_effect_on&quot;:&quot;none&quot;}\" data-widget_type=\"image.default\">\n\t\t\t\t\t\t\t\t\t\t\t\t\t\t\t<img decoding=\"async\" src=\"https:\/\/carhiremalagaairport.es\/wp-content\/uploads\/elementor\/thumbs\/Servicios-Fetajo-Rent-A-Car-rfzr01opgaimt0sawxjr0jauqyp1osjbfljhq8a9b4.png\" title=\"Servicios Fetajo Rent A Car\" alt=\"Servicios Fetajo Rent A Car\" class=\"elementor-animation-grow\" loading=\"lazy\" \/>\t\t\t\t\t\t\t\t\t\t\t\t\t\t\t<\/div>\n\t\t\t\t<div class=\"elementor-element elementor-element-7e720b2 elementor-widget elementor-widget-button\" data-id=\"7e720b2\" data-element_type=\"widget\" data-e-type=\"widget\" data-settings=\"{&quot;ekit_we_effect_on&quot;:&quot;none&quot;}\" data-widget_type=\"button.default\">\n\t\t\t\t\t\t\t\t\t\t<a class=\"elementor-button elementor-button-link elementor-size-md\" href=\"https:\/\/carhiremalagaairport.es\/oficinas\/\">\n\t\t\t\t\t\t<span class=\"elementor-button-content-wrapper\">\n\t\t\t\t\t\t\t\t\t<span class=\"elementor-button-text\">Nuestras oficinas<\/span>\n\t\t\t\t\t<\/span>\n\t\t\t\t\t<\/a>\n\t\t\t\t\t\t\t\t<\/div>\n\t\t\t\t\t<\/div>\n\t\t<\/div>\n\t\t\t\t\t<\/div>\n\t\t<\/section>\n\t\t\t\t<section class=\"elementor-section elementor-top-section elementor-element elementor-element-8d4d29c elementor-section-boxed elementor-section-height-default elementor-section-height-default\" data-id=\"8d4d29c\" data-element_type=\"section\" data-e-type=\"section\">\n\t\t\t\t\t\t<div class=\"elementor-container elementor-column-gap-default\">\n\t\t\t\t\t<div class=\"elementor-column elementor-col-100 elementor-top-column elementor-element elementor-element-1e462b1\" data-id=\"1e462b1\" data-element_type=\"column\" data-e-type=\"column\">\n\t\t\t<div class=\"elementor-widget-wrap elementor-element-populated\">\n\t\t\t\t\t\t\t<\/div>\n\t\t<\/div>\n\t\t\t\t\t<\/div>\n\t\t<\/section>\n\t\t\t\t<section class=\"elementor-section elementor-top-section elementor-element elementor-element-e95aebb elementor-section-stretched elementor-section-full_width elementor-section-content-middle elementor-section-height-default elementor-section-height-default\" data-id=\"e95aebb\" data-element_type=\"section\" data-e-type=\"section\" data-settings=\"{&quot;stretch_section&quot;:&quot;section-stretched&quot;,&quot;background_background&quot;:&quot;classic&quot;}\">\n\t\t\t\t\t\t<div class=\"elementor-container elementor-column-gap-default\">\n\t\t\t\t\t<div class=\"elementor-column elementor-col-50 elementor-top-column elementor-element elementor-element-5474399\" data-id=\"5474399\" data-element_type=\"column\" data-e-type=\"column\" data-settings=\"{&quot;background_background&quot;:&quot;classic&quot;}\">\n\t\t\t<div class=\"elementor-widget-wrap elementor-element-populated\">\n\t\t\t\t\t\t<div class=\"elementor-element elementor-element-753f025 elementor-widget elementor-widget-spacer\" data-id=\"753f025\" data-element_type=\"widget\" data-e-type=\"widget\" data-settings=\"{&quot;ekit_we_effect_on&quot;:&quot;none&quot;}\" data-widget_type=\"spacer.default\">\n\t\t\t\t\t\t\t<div class=\"elementor-spacer\">\n\t\t\t<div class=\"elementor-spacer-inner\"><\/div>\n\t\t<\/div>\n\t\t\t\t\t\t<\/div>\n\t\t\t\t\t<\/div>\n\t\t<\/div>\n\t\t\t\t<div class=\"elementor-column elementor-col-50 elementor-top-column elementor-element elementor-element-2ad4bce\" data-id=\"2ad4bce\" data-element_type=\"column\" data-e-type=\"column\">\n\t\t\t<div class=\"elementor-widget-wrap elementor-element-populated\">\n\t\t\t\t\t\t<div class=\"elementor-element elementor-element-a0d2df5 elementor-widget elementor-widget-spacer\" data-id=\"a0d2df5\" data-element_type=\"widget\" data-e-type=\"widget\" data-settings=\"{&quot;ekit_we_effect_on&quot;:&quot;none&quot;}\" data-widget_type=\"spacer.default\">\n\t\t\t\t\t\t\t<div class=\"elementor-spacer\">\n\t\t\t<div class=\"elementor-spacer-inner\"><\/div>\n\t\t<\/div>\n\t\t\t\t\t\t<\/div>\n\t\t\t\t<div class=\"elementor-element elementor-element-0baf562 at-heading-animation at-animation-heading-none elementor-widget elementor-widget-heading\" data-id=\"0baf562\" data-element_type=\"widget\" data-e-type=\"widget\" data-settings=\"{&quot;ekit_we_effect_on&quot;:&quot;none&quot;}\" data-widget_type=\"heading.default\">\n\t\t\t\t\t<h2 class=\"elementor-heading-title elementor-size-default\">Complementos Extras<\/h2>\t\t\t\t<\/div>\n\t\t\t\t<div class=\"elementor-element elementor-element-77cac3c elementor-widget elementor-widget-spacer\" data-id=\"77cac3c\" data-element_type=\"widget\" data-e-type=\"widget\" data-settings=\"{&quot;ekit_we_effect_on&quot;:&quot;none&quot;}\" data-widget_type=\"spacer.default\">\n\t\t\t\t\t\t\t<div class=\"elementor-spacer\">\n\t\t\t<div class=\"elementor-spacer-inner\"><\/div>\n\t\t<\/div>\n\t\t\t\t\t\t<\/div>\n\t\t\t\t<div class=\"elementor-element elementor-element-ba4d8ff elementor-widget elementor-widget-text-editor\" data-id=\"ba4d8ff\" data-element_type=\"widget\" data-e-type=\"widget\" data-settings=\"{&quot;ekit_we_effect_on&quot;:&quot;none&quot;}\" data-widget_type=\"text-editor.default\">\n\t\t\t\t\t\t\t\t\t<ul><li><h3>Navegador GPS 6,00\u20ac\/d\u00eda min. 12,00\u20ac m\u00e1x. 60,00\u20ac por alquiler.<\/h3><\/li><li><h3>Silla de ni\u00f1o (de 1 a 3 a\u00f1os) 5\u20ac\/d\u00eda min. 15,00\u20ac m\u00e1x. 40,00\u20ac por alquiler.<\/h3><\/li><li><h3>Alza de ni\u00f1o (de 4 a 7 a\u00f1os) 3\u20ac\/d\u00eda min. 12,00\u20ac m\u00e1x. 30,00\u20ac por alquiler.<\/h3><\/li><li><h3>Conductor extra: 3\u20ac\/d\u00eda min. 12,00\u20ac m\u00e1x. 50,00\u20ac por alquiler.<\/h3><\/li><li><h3>Silla de bebe (de 0 a 12 meses) 5\u20ac\/d\u00eda min. 15,00\u20ac m\u00e1x. 40,00\u20ac por alquiler.<\/h3><\/li><li><h3>Seguro cobertura todo riesgo (C.D.W.) pregunte en nuestras oficinas.<\/h3><\/li><\/ul>\t\t\t\t\t\t\t\t<\/div>\n\t\t\t\t<div class=\"elementor-element elementor-element-f18fcd2 elementor-widget elementor-widget-spacer\" data-id=\"f18fcd2\" data-element_type=\"widget\" data-e-type=\"widget\" data-settings=\"{&quot;ekit_we_effect_on&quot;:&quot;none&quot;}\" data-widget_type=\"spacer.default\">\n\t\t\t\t\t\t\t<div class=\"elementor-spacer\">\n\t\t\t<div class=\"elementor-spacer-inner\"><\/div>\n\t\t<\/div>\n\t\t\t\t\t\t<\/div>\n\t\t\t\t\t<\/div>\n\t\t<\/div>\n\t\t\t\t\t<\/div>\n\t\t<\/section>\n\t\t\t\t<section class=\"elementor-section elementor-top-section elementor-element elementor-element-89fc2c9 elementor-section-content-middle elementor-section-boxed elementor-section-height-default elementor-section-height-default\" data-id=\"89fc2c9\" data-element_type=\"section\" data-e-type=\"section\">\n\t\t\t\t\t\t<div class=\"elementor-container elementor-column-gap-default\">\n\t\t\t\t\t<div class=\"elementor-column elementor-col-100 elementor-top-column elementor-element elementor-element-ca43d5c\" data-id=\"ca43d5c\" data-element_type=\"column\" data-e-type=\"column\">\n\t\t\t<div class=\"elementor-widget-wrap elementor-element-populated\">\n\t\t\t\t\t\t<div class=\"elementor-element elementor-element-5e9ff84 elementor-widget elementor-widget-spacer\" data-id=\"5e9ff84\" data-element_type=\"widget\" data-e-type=\"widget\" data-settings=\"{&quot;ekit_we_effect_on&quot;:&quot;none&quot;}\" data-widget_type=\"spacer.default\">\n\t\t\t\t\t\t\t<div class=\"elementor-spacer\">\n\t\t\t<div class=\"elementor-spacer-inner\"><\/div>\n\t\t<\/div>\n\t\t\t\t\t\t<\/div>\n\t\t\t\t<div class=\"elementor-element elementor-element-8f27ed1 at-heading-animation at-animation-heading-none elementor-widget elementor-widget-heading\" data-id=\"8f27ed1\" data-element_type=\"widget\" data-e-type=\"widget\" data-settings=\"{&quot;ekit_we_effect_on&quot;:&quot;none&quot;}\" data-widget_type=\"heading.default\">\n\t\t\t\t\t<h2 class=\"elementor-heading-title elementor-size-default\">Pol\u00edtica de Combustibles<\/h2>\t\t\t\t<\/div>\n\t\t\t\t<div class=\"elementor-element elementor-element-220db38 at-heading-animation at-animation-heading-none elementor-widget elementor-widget-heading\" data-id=\"220db38\" data-element_type=\"widget\" data-e-type=\"widget\" data-settings=\"{&quot;ekit_we_effect_on&quot;:&quot;none&quot;}\" data-widget_type=\"heading.default\">\n\t\t\t\t\t<h3 class=\"elementor-heading-title elementor-size-default\">NO LE COBRAMOS COMBUSTIBLE, SIMPLEMENTE DEVUELVALO<br>CON LA MISMA GASOLINA QUE LO ALQUIL\u00d3.\n<\/h3>\t\t\t\t<\/div>\n\t\t\t\t<div class=\"elementor-element elementor-element-7b91986 elementor-widget elementor-widget-text-editor\" data-id=\"7b91986\" data-element_type=\"widget\" data-e-type=\"widget\" data-settings=\"{&quot;ekit_we_effect_on&quot;:&quot;none&quot;}\" data-widget_type=\"text-editor.default\">\n\t\t\t\t\t\t\t\t\t<p style=\"text-align: center;\">En caso de no devolver el veh\u00edculo con el mismo combustible que se alquil\u00f3, <br \/>se cobrar\u00e1 la parte proporcional al cuarto no devuelto.<\/p><p style=\"text-align: center;\">Se cargar\u00e1 por cada cuarto no satisfecho:<\/p><p style=\"text-align: center;\"><span style=\"color: #008000;\">Grupo A, B ,B1, C, D3\u2026\u2026\u2026\u2026\u2026..<strong>25\u20ac \/ Por cuarto<\/strong><\/span><\/p><p style=\"text-align: center;\"><span style=\"color: #008000;\">Grupo D, D1, D2, E, E4, E5,K, G, I.\u2026\u2026\u2026\u2026<strong>30\u20ac \/ Por cuarto<\/strong><\/span><\/p><p style=\"text-align: center;\"><span style=\"color: #008000;\">Grupo E1, E3, EE, \u00a0F, F1, M2, M1, I2, H, H3\u2026\u2026\u2026\u2026.<strong>35\u20ac \/ Por cuarto<\/strong><\/span><\/p><p style=\"text-align: center;\"><span style=\"color: #008000;\">Grupo J, \u00a0E2, I3, I4 L, I5, M3, M, H1, H2\u2026\u2026\u2026\u2026\u2026\u2026<strong>35\u20ac \/ Por cuarto<\/strong><\/span><\/p><p style=\"text-align: center;\"><span style=\"color: #008000;\">Grupo O, O1, I6, H4, H5, N\u2026\u2026\u2026.<strong>40\u20ac \/ Por cuarto<\/strong><\/span><\/p><p style=\"text-align: center;\">El servicio en la puesta de combustible ser\u00e1 SIN COSTE ADICIONAL en todos los grupos de veh\u00edculos.<\/p>\t\t\t\t\t\t\t\t<\/div>\n\t\t\t\t<div class=\"elementor-element elementor-element-feba002 elementor-widget elementor-widget-spacer\" data-id=\"feba002\" data-element_type=\"widget\" data-e-type=\"widget\" data-settings=\"{&quot;ekit_we_effect_on&quot;:&quot;none&quot;}\" data-widget_type=\"spacer.default\">\n\t\t\t\t\t\t\t<div class=\"elementor-spacer\">\n\t\t\t<div class=\"elementor-spacer-inner\"><\/div>\n\t\t<\/div>\n\t\t\t\t\t\t<\/div>\n\t\t\t\t\t<\/div>\n\t\t<\/div>\n\t\t\t\t\t<\/div>\n\t\t<\/section>\n\t\t\t\t<\/div>\n\t\t","protected":false},"excerpt":{"rendered":"<p>Nuestros Servicios \u00b7 Fetajo Rent a Car \u00ae \u00bfTe vienes a vivir [&hellip;]<\/p>\n","protected":false},"author":1,"featured_media":0,"parent":0,"menu_order":0,"comment_status":"closed","ping_status":"closed","template":"elementor_header_footer","meta":{"_uf_show_specific_survey":0,"_uf_disable_surveys":false,"footnotes":""},"class_list":["post-15","page","type-page","status-publish","hentry"],"_links":{"self":[{"href":"https:\/\/carhiremalagaairport.es\/es\/wp-json\/wp\/v2\/pages\/15","targetHints":{"allow":["GET"]}}],"collection":[{"href":"https:\/\/carhiremalagaairport.es\/es\/wp-json\/wp\/v2\/pages"}],"about":[{"href":"https:\/\/carhiremalagaairport.es\/es\/wp-json\/wp\/v2\/types\/page"}],"author":[{"embeddable":true,"href":"https:\/\/carhiremalagaairport.es\/es\/wp-json\/wp\/v2\/users\/1"}],"replies":[{"embeddable":true,"href":"https:\/\/carhiremalagaairport.es\/es\/wp-json\/wp\/v2\/comments?post=15"}],"version-history":[{"count":15,"href":"https:\/\/carhiremalagaairport.es\/es\/wp-json\/wp\/v2\/pages\/15\/revisions"}],"predecessor-version":[{"id":7189,"href":"https:\/\/carhiremalagaairport.es\/es\/wp-json\/wp\/v2\/pages\/15\/revisions\/7189"}],"wp:attachment":[{"href":"https:\/\/carhiremalagaairport.es\/es\/wp-json\/wp\/v2\/media?parent=15"}],"curies":[{"name":"wp","href":"https:\/\/api.w.org\/{rel}","templated":true}]}}